{"id":4771,"date":"2021-08-01T16:28:25","date_gmt":"2021-08-01T16:28:25","guid":{"rendered":"https:\/\/truuta.ee\/?page_id=4771"},"modified":"2025-01-29T10:51:47","modified_gmt":"2025-01-29T08:51:47","slug":"padel-court","status":"publish","type":"page","link":"https:\/\/truuta.ee\/en\/padel-court\/","title":{"rendered":"PADEL COURT"},"content":{"rendered":"<div class=\"fusion-fullwidth fullwidth-box fusion-builder-row-1 nonhundred-percent-fullwidth non-hundred-percent-height-scrolling\" style=\"--awb-border-radius-top-left:0px;--awb-border-radius-top-right:0px;--awb-border-radius-bottom-right:0px;--awb-border-radius-bottom-left:0px;--awb-margin-top:100px;--awb-flex-wrap:wrap;\" ><div class=\"fusion-builder-row fusion-row\"><div class=\"fusion-layout-column fusion_builder_column fusion-builder-column-0 fusion_builder_column_1_4 1_4 fusion-one-fourth fusion-column-first\" style=\"--awb-bg-size:cover;width:25%;width:calc(25% - ( ( 4% ) * 0.25 ) );margin-right: 4%;\"><div class=\"fusion-column-wrapper fusion-column-has-shadow fusion-flex-column-wrapper-legacy\"><div class=\"fusion-widget-area awb-widget-area-element fusion-widget-area-1 fusion-content-widget-area\" style=\"--awb-title-size:15px;--awb-title-color:#333333;--awb-padding:0px 0px 0px 0px;\"><div id=\"nav_menu-3\" class=\"widget single-sidebar widget_nav_menu\"><\/div><div class=\"fusion-additional-widget-content\"><\/div><\/div><div class=\"fusion-clearfix\"><\/div><\/div><\/div><div class=\"fusion-layout-column fusion_builder_column fusion-builder-column-1 fusion_builder_column_3_4 3_4 fusion-three-fourth fusion-column-last\" style=\"--awb-bg-size:cover;width:75%;width:calc(75% - ( ( 4% ) * 0.75 ) );\"><div class=\"fusion-column-wrapper fusion-column-has-shadow fusion-flex-column-wrapper-legacy\"><div class=\"fusion-text fusion-text-1\"><p>The first padel court in Southern Estonia provides an exclusive opportunity to try out your hand at the increasingly popular sport of padel.<br \/>\nSuitable for everyone regardless of age and experience, padel is an easy and fun game to be enjoyed with your family and friends which encourages the mind and stimulates the body.<\/p>\n<p>Even all the necessary equipment can easily be rented on the spot, so all you have to do is take your friends and follow the scent of adventure.<\/p>\n<p>To enjoy the game please contact us at <a href=\"tel:+37258\">+372 58 552 665<\/a>.<\/p>\n<p>See you on the court!<\/p>\n<\/div><div class=\"fusion-text fusion-text-2\">\n\t\t<style type=\"text\/css\">\n\t\t\t#gallery-1 {\n\t\t\t\tmargin: auto;\n\t\t\t}\n\t\t\t#gallery-1 .gallery-item {\n\t\t\t\tfloat: left;\n\t\t\t\tmargin-top: 10px;\n\t\t\t\ttext-align: center;\n\t\t\t\twidth: 33%;\n\t\t\t}\n\t\t\t#gallery-1 img {\n\t\t\t\tborder: 2px solid #cfcfcf;\n\t\t\t}\n\t\t\t#gallery-1 .gallery-caption {\n\t\t\t\tmargin-left: 0;\n\t\t\t}\n\t\t\t\/* see gallery_shortcode() in wp-includes\/media.php *\/\n\t\t<\/style>\n\t\t<div id='gallery-1' class='gallery galleryid-4771 gallery-columns-3 gallery-size-medium'><dl class='gallery-item'>\n\t\t\t<dt class='gallery-icon portrait'>\n\t\t\t\t<a data-rel=\"iLightbox[postimages]\" data-title=\"pv_DSC1203\" data-caption=\"\" href='https:\/\/truuta.ee\/wp-content\/uploads\/2021\/08\/pv_DSC1203.jpg'><img decoding=\"async\" width=\"300\" height=\"300\" src=\"https:\/\/truuta.ee\/wp-content\/uploads\/2021\/08\/pv_DSC1203-300x300.jpg\" class=\"attachment-medium size-medium\" alt=\"\" srcset=\"https:\/\/truuta.ee\/wp-content\/uploads\/2021\/08\/pv_DSC1203-66x66.jpg 66w, https:\/\/truuta.ee\/wp-content\/uploads\/2021\/08\/pv_DSC1203-150x150.jpg 150w, https:\/\/truuta.ee\/wp-content\/uploads\/2021\/08\/pv_DSC1203-300x300.jpg 300w\" sizes=\"(max-width: 300px) 100vw, 300px\" \/><\/a>\n\t\t\t<\/dt><\/dl><dl class='gallery-item'>\n\t\t\t<dt class='gallery-icon landscape'>\n\t\t\t\t<a data-rel=\"iLightbox[postimages]\" data-title=\"pv_DSC1208\" data-caption=\"\" href='https:\/\/truuta.ee\/wp-content\/uploads\/2021\/08\/pv_DSC1208.jpg'><img decoding=\"async\" width=\"300\" height=\"300\" src=\"https:\/\/truuta.ee\/wp-content\/uploads\/2021\/08\/pv_DSC1208-300x300.jpg\" class=\"attachment-medium size-medium\" alt=\"\" srcset=\"https:\/\/truuta.ee\/wp-content\/uploads\/2021\/08\/pv_DSC1208-66x66.jpg 66w, https:\/\/truuta.ee\/wp-content\/uploads\/2021\/08\/pv_DSC1208-150x150.jpg 150w, https:\/\/truuta.ee\/wp-content\/uploads\/2021\/08\/pv_DSC1208-300x300.jpg 300w\" sizes=\"(max-width: 300px) 100vw, 300px\" \/><\/a>\n\t\t\t<\/dt><\/dl><dl class='gallery-item'>\n\t\t\t<dt class='gallery-icon landscape'>\n\t\t\t\t<a data-rel=\"iLightbox[postimages]\" data-title=\"pv_DSC1374\" data-caption=\"\" href='https:\/\/truuta.ee\/wp-content\/uploads\/2021\/08\/pv_DSC1374.jpg'><img decoding=\"async\" width=\"300\" height=\"300\" src=\"https:\/\/truuta.ee\/wp-content\/uploads\/2021\/08\/pv_DSC1374-300x300.jpg\" class=\"attachment-medium size-medium\" alt=\"\" srcset=\"https:\/\/truuta.ee\/wp-content\/uploads\/2021\/08\/pv_DSC1374-66x66.jpg 66w, https:\/\/truuta.ee\/wp-content\/uploads\/2021\/08\/pv_DSC1374-150x150.jpg 150w, https:\/\/truuta.ee\/wp-content\/uploads\/2021\/08\/pv_DSC1374-300x300.jpg 300w\" sizes=\"(max-width: 300px) 100vw, 300px\" \/><\/a>\n\t\t\t<\/dt><\/dl><br style=\"clear: both\" \/><dl class='gallery-item'>\n\t\t\t<dt class='gallery-icon portrait'>\n\t\t\t\t<a data-rel=\"iLightbox[postimages]\" data-title=\"pv_DSC1379\" data-caption=\"\" href='https:\/\/truuta.ee\/wp-content\/uploads\/2021\/08\/pv_DSC1379.jpg'><img decoding=\"async\" width=\"300\" height=\"300\" src=\"https:\/\/truuta.ee\/wp-content\/uploads\/2021\/08\/pv_DSC1379-300x300.jpg\" class=\"attachment-medium size-medium\" alt=\"\" srcset=\"https:\/\/truuta.ee\/wp-content\/uploads\/2021\/08\/pv_DSC1379-66x66.jpg 66w, https:\/\/truuta.ee\/wp-content\/uploads\/2021\/08\/pv_DSC1379-150x150.jpg 150w, https:\/\/truuta.ee\/wp-content\/uploads\/2021\/08\/pv_DSC1379-300x300.jpg 300w\" sizes=\"(max-width: 300px) 100vw, 300px\" \/><\/a>\n\t\t\t<\/dt><\/dl><dl class='gallery-item'>\n\t\t\t<dt class='gallery-icon landscape'>\n\t\t\t\t<a data-rel=\"iLightbox[postimages]\" data-title=\"pv_DSC1393\" data-caption=\"\" href='https:\/\/truuta.ee\/wp-content\/uploads\/2021\/08\/pv_DSC1393.jpg'><img decoding=\"async\" width=\"300\" height=\"300\" src=\"https:\/\/truuta.ee\/wp-content\/uploads\/2021\/08\/pv_DSC1393-300x300.jpg\" class=\"attachment-medium size-medium\" alt=\"\" srcset=\"https:\/\/truuta.ee\/wp-content\/uploads\/2021\/08\/pv_DSC1393-66x66.jpg 66w, https:\/\/truuta.ee\/wp-content\/uploads\/2021\/08\/pv_DSC1393-150x150.jpg 150w, https:\/\/truuta.ee\/wp-content\/uploads\/2021\/08\/pv_DSC1393-300x300.jpg 300w\" sizes=\"(max-width: 300px) 100vw, 300px\" \/><\/a>\n\t\t\t<\/dt><\/dl>\n\t\t\t<br style='clear: both' \/>\n\t\t<\/div>\n\n<\/div><div class=\"fusion-clearfix\"><\/div><\/div><\/div><\/div><\/div>\n","protected":false},"excerpt":{"rendered":"","protected":false},"author":2,"featured_media":0,"parent":0,"menu_order":0,"comment_status":"closed","ping_status":"closed","template":"100-width.php","meta":{"_acf_changed":false,"inline_featured_image":false,"footnotes":""},"class_list":["post-4771","page","type-page","status-publish","hentry"],"acf":[],"yoast_head":"<!-- This site is optimized with the Yoast SEO plugin v25.3 - https:\/\/yoast.com\/wordpress\/plugins\/seo\/ -->\n<title>PADEL COURT - Truuta Puhkemaja | Puhkemajutus Otep\u00e4\u00e4l<\/title>\n<meta name=\"robots\" content=\"index, follow, max-snippet:-1, max-image-preview:large, max-video-preview:-1\" \/>\n<link rel=\"canonical\" href=\"https:\/\/truuta.ee\/en\/padel-court\/\" \/>\n<meta property=\"og:locale\" content=\"en_US\" \/>\n<meta property=\"og:type\" content=\"article\" \/>\n<meta property=\"og:title\" content=\"PADEL COURT - Truuta Puhkemaja | Puhkemajutus Otep\u00e4\u00e4l\" \/>\n<meta property=\"og:url\" content=\"https:\/\/truuta.ee\/en\/padel-court\/\" \/>\n<meta property=\"og:site_name\" content=\"Truuta Puhkemaja | Puhkemajutus Otep\u00e4\u00e4l\" \/>\n<meta property=\"article:publisher\" content=\"https:\/\/www.facebook.com\/truuta.ee\" \/>\n<meta property=\"article:modified_time\" content=\"2025-01-29T08:51:47+00:00\" \/>\n<meta name=\"twitter:card\" content=\"summary_large_image\" \/>\n<meta name=\"twitter:label1\" content=\"Est. reading time\" \/>\n\t<meta name=\"twitter:data1\" content=\"2 minutes\" \/>\n<script type=\"application\/ld+json\" class=\"yoast-schema-graph\">{\"@context\":\"https:\/\/schema.org\",\"@graph\":[{\"@type\":\"WebPage\",\"@id\":\"https:\/\/truuta.ee\/en\/padel-court\/\",\"url\":\"https:\/\/truuta.ee\/en\/padel-court\/\",\"name\":\"PADEL COURT - Truuta Puhkemaja | Puhkemajutus Otep\u00e4\u00e4l\",\"isPartOf\":{\"@id\":\"https:\/\/truuta.ee\/#website\"},\"datePublished\":\"2021-08-01T16:28:25+00:00\",\"dateModified\":\"2025-01-29T08:51:47+00:00\",\"breadcrumb\":{\"@id\":\"https:\/\/truuta.ee\/en\/padel-court\/#breadcrumb\"},\"inLanguage\":\"en-US\",\"potentialAction\":[{\"@type\":\"ReadAction\",\"target\":[\"https:\/\/truuta.ee\/en\/padel-court\/\"]}]},{\"@type\":\"BreadcrumbList\",\"@id\":\"https:\/\/truuta.ee\/en\/padel-court\/#breadcrumb\",\"itemListElement\":[{\"@type\":\"ListItem\",\"position\":1,\"name\":\"Home\",\"item\":\"https:\/\/truuta.ee\/en\/\"},{\"@type\":\"ListItem\",\"position\":2,\"name\":\"PADEL COURT\"}]},{\"@type\":\"WebSite\",\"@id\":\"https:\/\/truuta.ee\/#website\",\"url\":\"https:\/\/truuta.ee\/\",\"name\":\"Truuta Puhkemaja\",\"description\":\"Puhkemajutus Otep\u00e4\u00e4l - k\u00fclalistemaja, kodurestoran, minispaa ja spaahoolitsused. Tule ja puhka Otep\u00e4\u00e4 m\u00e4gede, orgude ja j\u00e4rvede keskel!\",\"publisher\":{\"@id\":\"https:\/\/truuta.ee\/#organization\"},\"potentialAction\":[{\"@type\":\"SearchAction\",\"target\":{\"@type\":\"EntryPoint\",\"urlTemplate\":\"https:\/\/truuta.ee\/?s={search_term_string}\"},\"query-input\":{\"@type\":\"PropertyValueSpecification\",\"valueRequired\":true,\"valueName\":\"search_term_string\"}}],\"inLanguage\":\"en-US\"},{\"@type\":\"Organization\",\"@id\":\"https:\/\/truuta.ee\/#organization\",\"name\":\"Gertrudenhof O\u00dc\",\"url\":\"https:\/\/truuta.ee\/\",\"logo\":{\"@type\":\"ImageObject\",\"inLanguage\":\"en-US\",\"@id\":\"https:\/\/truuta.ee\/#\/schema\/logo\/image\/\",\"url\":\"https:\/\/truuta.ee\/wp-content\/uploads\/2024\/10\/Truuta_horiz_black.svg\",\"contentUrl\":\"https:\/\/truuta.ee\/wp-content\/uploads\/2024\/10\/Truuta_horiz_black.svg\",\"width\":192,\"height\":77,\"caption\":\"Gertrudenhof O\u00dc\"},\"image\":{\"@id\":\"https:\/\/truuta.ee\/#\/schema\/logo\/image\/\"},\"sameAs\":[\"https:\/\/www.facebook.com\/truuta.ee\",\"https:\/\/www.instagram.com\/truutapuhkemaja\/\"]}]}<\/script>\n<!-- \/ Yoast SEO plugin. -->","yoast_head_json":{"title":"PADEL COURT - Truuta Puhkemaja | Puhkemajutus Otep\u00e4\u00e4l","robots":{"index":"index","follow":"follow","max-snippet":"max-snippet:-1","max-image-preview":"max-image-preview:large","max-video-preview":"max-video-preview:-1"},"canonical":"https:\/\/truuta.ee\/en\/padel-court\/","og_locale":"en_US","og_type":"article","og_title":"PADEL COURT - Truuta Puhkemaja | Puhkemajutus Otep\u00e4\u00e4l","og_url":"https:\/\/truuta.ee\/en\/padel-court\/","og_site_name":"Truuta Puhkemaja | Puhkemajutus Otep\u00e4\u00e4l","article_publisher":"https:\/\/www.facebook.com\/truuta.ee","article_modified_time":"2025-01-29T08:51:47+00:00","twitter_card":"summary_large_image","twitter_misc":{"Est. reading time":"2 minutes"},"schema":{"@context":"https:\/\/schema.org","@graph":[{"@type":"WebPage","@id":"https:\/\/truuta.ee\/en\/padel-court\/","url":"https:\/\/truuta.ee\/en\/padel-court\/","name":"PADEL COURT - Truuta Puhkemaja | Puhkemajutus Otep\u00e4\u00e4l","isPartOf":{"@id":"https:\/\/truuta.ee\/#website"},"datePublished":"2021-08-01T16:28:25+00:00","dateModified":"2025-01-29T08:51:47+00:00","breadcrumb":{"@id":"https:\/\/truuta.ee\/en\/padel-court\/#breadcrumb"},"inLanguage":"en-US","potentialAction":[{"@type":"ReadAction","target":["https:\/\/truuta.ee\/en\/padel-court\/"]}]},{"@type":"BreadcrumbList","@id":"https:\/\/truuta.ee\/en\/padel-court\/#breadcrumb","itemListElement":[{"@type":"ListItem","position":1,"name":"Home","item":"https:\/\/truuta.ee\/en\/"},{"@type":"ListItem","position":2,"name":"PADEL COURT"}]},{"@type":"WebSite","@id":"https:\/\/truuta.ee\/#website","url":"https:\/\/truuta.ee\/","name":"Truuta Puhkemaja","description":"Puhkemajutus Otep\u00e4\u00e4l - k\u00fclalistemaja, kodurestoran, minispaa ja spaahoolitsused. Tule ja puhka Otep\u00e4\u00e4 m\u00e4gede, orgude ja j\u00e4rvede keskel!","publisher":{"@id":"https:\/\/truuta.ee\/#organization"},"potentialAction":[{"@type":"SearchAction","target":{"@type":"EntryPoint","urlTemplate":"https:\/\/truuta.ee\/?s={search_term_string}"},"query-input":{"@type":"PropertyValueSpecification","valueRequired":true,"valueName":"search_term_string"}}],"inLanguage":"en-US"},{"@type":"Organization","@id":"https:\/\/truuta.ee\/#organization","name":"Gertrudenhof O\u00dc","url":"https:\/\/truuta.ee\/","logo":{"@type":"ImageObject","inLanguage":"en-US","@id":"https:\/\/truuta.ee\/#\/schema\/logo\/image\/","url":"https:\/\/truuta.ee\/wp-content\/uploads\/2024\/10\/Truuta_horiz_black.svg","contentUrl":"https:\/\/truuta.ee\/wp-content\/uploads\/2024\/10\/Truuta_horiz_black.svg","width":192,"height":77,"caption":"Gertrudenhof O\u00dc"},"image":{"@id":"https:\/\/truuta.ee\/#\/schema\/logo\/image\/"},"sameAs":["https:\/\/www.facebook.com\/truuta.ee","https:\/\/www.instagram.com\/truutapuhkemaja\/"]}]}},"_links":{"self":[{"href":"https:\/\/truuta.ee\/en\/wp-json\/wp\/v2\/pages\/4771","targetHints":{"allow":["GET"]}}],"collection":[{"href":"https:\/\/truuta.ee\/en\/wp-json\/wp\/v2\/pages"}],"about":[{"href":"https:\/\/truuta.ee\/en\/wp-json\/wp\/v2\/types\/page"}],"author":[{"embeddable":true,"href":"https:\/\/truuta.ee\/en\/wp-json\/wp\/v2\/users\/2"}],"replies":[{"embeddable":true,"href":"https:\/\/truuta.ee\/en\/wp-json\/wp\/v2\/comments?post=4771"}],"version-history":[{"count":3,"href":"https:\/\/truuta.ee\/en\/wp-json\/wp\/v2\/pages\/4771\/revisions"}],"predecessor-version":[{"id":4824,"href":"https:\/\/truuta.ee\/en\/wp-json\/wp\/v2\/pages\/4771\/revisions\/4824"}],"wp:attachment":[{"href":"https:\/\/truuta.ee\/en\/wp-json\/wp\/v2\/media?parent=4771"}],"curies":[{"name":"wp","href":"https:\/\/api.w.org\/{rel}","templated":true}]}}