{"id":7587,"date":"2025-01-28T15:08:43","date_gmt":"2025-01-28T13:08:43","guid":{"rendered":"https:\/\/truuta.ee\/cart\/"},"modified":"2025-01-28T15:08:43","modified_gmt":"2025-01-28T13:08:43","slug":"cart","status":"publish","type":"page","link":"https:\/\/truuta.ee\/en\/cart\/","title":{"rendered":"Cart"},"content":{"rendered":"<div class=\"fusion-fullwidth fullwidth-box fusion-builder-row-1 fusion-flex-container nonhundred-percent-fullwidth non-hundred-percent-height-scrolling\" style=\"--awb-border-radius-top-left:0px;--awb-border-radius-top-right:0px;--awb-border-radius-bottom-right:0px;--awb-border-radius-bottom-left:0px;--awb-flex-wrap:wrap;\" ><div class=\"fusion-builder-row fusion-row fusion-flex-align-items-flex-start fusion-flex-content-wrap\" style=\"max-width:1216.8px;margin-left: calc(-4% \/ 2 );margin-right: calc(-4% \/ 2 );\"><div class=\"fusion-layout-column fusion_builder_column fusion-builder-column-0 fusion_builder_column_1_1 1_1 fusion-flex-column\" style=\"--awb-bg-blend:overlay;--awb-bg-size:cover;--awb-width-large:100%;--awb-margin-top-large:0px;--awb-spacing-right-large:1.92%;--awb-margin-bottom-large:0px;--awb-spacing-left-large:1.92%;--awb-width-medium:100%;--awb-spacing-right-medium:1.92%;--awb-spacing-left-medium:1.92%;--awb-width-small:100%;--awb-spacing-right-small:1.92%;--awb-spacing-left-small:1.92%;\"><div class=\"fusion-column-wrapper fusion-flex-justify-content-flex-start fusion-content-layout-column\"><div class=\"fusion-text fusion-text-1\" style=\"--awb-text-color:var(--awb-color8);\">\n<\/div><\/div><\/div><\/div><\/div>\n","protected":false},"excerpt":{"rendered":"","protected":false},"author":1,"featured_media":0,"parent":0,"menu_order":0,"comment_status":"closed","ping_status":"closed","template":"truuta_template.php","meta":{"_acf_changed":false,"inline_featured_image":false,"footnotes":""},"class_list":["post-7587","page","type-page","status-publish","hentry"],"acf":[],"yoast_head":"<!-- This site is optimized with the Yoast SEO plugin v25.3 - https:\/\/yoast.com\/wordpress\/plugins\/seo\/ -->\n<title>Cart - Truuta Puhkemaja | Puhkemajutus Otep\u00e4\u00e4l<\/title>\n<meta name=\"robots\" content=\"noindex, nofollow\" \/>\n<meta property=\"og:locale\" content=\"en_US\" \/>\n<meta property=\"og:type\" content=\"article\" \/>\n<meta property=\"og:title\" content=\"Cart - Truuta Puhkemaja | Puhkemajutus Otep\u00e4\u00e4l\" \/>\n<meta property=\"og:url\" content=\"https:\/\/truuta.ee\/en\/cart\/\" \/>\n<meta property=\"og:site_name\" content=\"Truuta Puhkemaja | Puhkemajutus Otep\u00e4\u00e4l\" \/>\n<meta property=\"article:publisher\" content=\"https:\/\/www.facebook.com\/truuta.ee\" \/>\n<meta name=\"twitter:card\" content=\"summary_large_image\" \/>\n<meta name=\"twitter:label1\" content=\"Est. reading time\" \/>\n\t<meta name=\"twitter:data1\" content=\"1 minute\" \/>\n<script type=\"application\/ld+json\" class=\"yoast-schema-graph\">{\"@context\":\"https:\/\/schema.org\",\"@graph\":[{\"@type\":\"WebPage\",\"@id\":\"https:\/\/truuta.ee\/en\/cart\/\",\"url\":\"https:\/\/truuta.ee\/en\/cart\/\",\"name\":\"Cart - Truuta Puhkemaja | Puhkemajutus Otep\u00e4\u00e4l\",\"isPartOf\":{\"@id\":\"https:\/\/truuta.ee\/#website\"},\"datePublished\":\"2025-01-28T13:08:43+00:00\",\"breadcrumb\":{\"@id\":\"https:\/\/truuta.ee\/en\/cart\/#breadcrumb\"},\"inLanguage\":\"en-US\",\"potentialAction\":[{\"@type\":\"ReadAction\",\"target\":[\"https:\/\/truuta.ee\/en\/cart\/\"]}]},{\"@type\":\"BreadcrumbList\",\"@id\":\"https:\/\/truuta.ee\/en\/cart\/#breadcrumb\",\"itemListElement\":[{\"@type\":\"ListItem\",\"position\":1,\"name\":\"Home\",\"item\":\"https:\/\/truuta.ee\/en\/\"},{\"@type\":\"ListItem\",\"position\":2,\"name\":\"Cart\"}]},{\"@type\":\"WebSite\",\"@id\":\"https:\/\/truuta.ee\/#website\",\"url\":\"https:\/\/truuta.ee\/\",\"name\":\"Truuta Puhkemaja\",\"description\":\"Puhkemajutus Otep\u00e4\u00e4l - k\u00fclalistemaja, kodurestoran, minispaa ja spaahoolitsused. Tule ja puhka Otep\u00e4\u00e4 m\u00e4gede, orgude ja j\u00e4rvede keskel!\",\"publisher\":{\"@id\":\"https:\/\/truuta.ee\/#organization\"},\"potentialAction\":[{\"@type\":\"SearchAction\",\"target\":{\"@type\":\"EntryPoint\",\"urlTemplate\":\"https:\/\/truuta.ee\/?s={search_term_string}\"},\"query-input\":{\"@type\":\"PropertyValueSpecification\",\"valueRequired\":true,\"valueName\":\"search_term_string\"}}],\"inLanguage\":\"en-US\"},{\"@type\":\"Organization\",\"@id\":\"https:\/\/truuta.ee\/#organization\",\"name\":\"Gertrudenhof O\u00dc\",\"url\":\"https:\/\/truuta.ee\/\",\"logo\":{\"@type\":\"ImageObject\",\"inLanguage\":\"en-US\",\"@id\":\"https:\/\/truuta.ee\/#\/schema\/logo\/image\/\",\"url\":\"https:\/\/truuta.ee\/wp-content\/uploads\/2024\/10\/Truuta_horiz_black.svg\",\"contentUrl\":\"https:\/\/truuta.ee\/wp-content\/uploads\/2024\/10\/Truuta_horiz_black.svg\",\"width\":192,\"height\":77,\"caption\":\"Gertrudenhof O\u00dc\"},\"image\":{\"@id\":\"https:\/\/truuta.ee\/#\/schema\/logo\/image\/\"},\"sameAs\":[\"https:\/\/www.facebook.com\/truuta.ee\",\"https:\/\/www.instagram.com\/truutapuhkemaja\/\"]}]}<\/script>\n<!-- \/ Yoast SEO plugin. -->","yoast_head_json":{"title":"Cart - Truuta Puhkemaja | Puhkemajutus Otep\u00e4\u00e4l","robots":{"index":"noindex","follow":"nofollow"},"og_locale":"en_US","og_type":"article","og_title":"Cart - Truuta Puhkemaja | Puhkemajutus Otep\u00e4\u00e4l","og_url":"https:\/\/truuta.ee\/en\/cart\/","og_site_name":"Truuta Puhkemaja | Puhkemajutus Otep\u00e4\u00e4l","article_publisher":"https:\/\/www.facebook.com\/truuta.ee","twitter_card":"summary_large_image","twitter_misc":{"Est. reading time":"1 minute"},"schema":{"@context":"https:\/\/schema.org","@graph":[{"@type":"WebPage","@id":"https:\/\/truuta.ee\/en\/cart\/","url":"https:\/\/truuta.ee\/en\/cart\/","name":"Cart - Truuta Puhkemaja | Puhkemajutus Otep\u00e4\u00e4l","isPartOf":{"@id":"https:\/\/truuta.ee\/#website"},"datePublished":"2025-01-28T13:08:43+00:00","breadcrumb":{"@id":"https:\/\/truuta.ee\/en\/cart\/#breadcrumb"},"inLanguage":"en-US","potentialAction":[{"@type":"ReadAction","target":["https:\/\/truuta.ee\/en\/cart\/"]}]},{"@type":"BreadcrumbList","@id":"https:\/\/truuta.ee\/en\/cart\/#breadcrumb","itemListElement":[{"@type":"ListItem","position":1,"name":"Home","item":"https:\/\/truuta.ee\/en\/"},{"@type":"ListItem","position":2,"name":"Cart"}]},{"@type":"WebSite","@id":"https:\/\/truuta.ee\/#website","url":"https:\/\/truuta.ee\/","name":"Truuta Puhkemaja","description":"Puhkemajutus Otep\u00e4\u00e4l - k\u00fclalistemaja, kodurestoran, minispaa ja spaahoolitsused. Tule ja puhka Otep\u00e4\u00e4 m\u00e4gede, orgude ja j\u00e4rvede keskel!","publisher":{"@id":"https:\/\/truuta.ee\/#organization"},"potentialAction":[{"@type":"SearchAction","target":{"@type":"EntryPoint","urlTemplate":"https:\/\/truuta.ee\/?s={search_term_string}"},"query-input":{"@type":"PropertyValueSpecification","valueRequired":true,"valueName":"search_term_string"}}],"inLanguage":"en-US"},{"@type":"Organization","@id":"https:\/\/truuta.ee\/#organization","name":"Gertrudenhof O\u00dc","url":"https:\/\/truuta.ee\/","logo":{"@type":"ImageObject","inLanguage":"en-US","@id":"https:\/\/truuta.ee\/#\/schema\/logo\/image\/","url":"https:\/\/truuta.ee\/wp-content\/uploads\/2024\/10\/Truuta_horiz_black.svg","contentUrl":"https:\/\/truuta.ee\/wp-content\/uploads\/2024\/10\/Truuta_horiz_black.svg","width":192,"height":77,"caption":"Gertrudenhof O\u00dc"},"image":{"@id":"https:\/\/truuta.ee\/#\/schema\/logo\/image\/"},"sameAs":["https:\/\/www.facebook.com\/truuta.ee","https:\/\/www.instagram.com\/truutapuhkemaja\/"]}]}},"_links":{"self":[{"href":"https:\/\/truuta.ee\/en\/wp-json\/wp\/v2\/pages\/7587","targetHints":{"allow":["GET"]}}],"collection":[{"href":"https:\/\/truuta.ee\/en\/wp-json\/wp\/v2\/pages"}],"about":[{"href":"https:\/\/truuta.ee\/en\/wp-json\/wp\/v2\/types\/page"}],"author":[{"embeddable":true,"href":"https:\/\/truuta.ee\/en\/wp-json\/wp\/v2\/users\/1"}],"replies":[{"embeddable":true,"href":"https:\/\/truuta.ee\/en\/wp-json\/wp\/v2\/comments?post=7587"}],"version-history":[{"count":1,"href":"https:\/\/truuta.ee\/en\/wp-json\/wp\/v2\/pages\/7587\/revisions"}],"predecessor-version":[{"id":7588,"href":"https:\/\/truuta.ee\/en\/wp-json\/wp\/v2\/pages\/7587\/revisions\/7588"}],"wp:attachment":[{"href":"https:\/\/truuta.ee\/en\/wp-json\/wp\/v2\/media?parent=7587"}],"curies":[{"name":"wp","href":"https:\/\/api.w.org\/{rel}","templated":true}]}}