{"id":6702,"date":"2024-11-14T21:03:13","date_gmt":"2024-11-14T19:03:13","guid":{"rendered":"https:\/\/truuta.ee\/?post_type=product&#038;p=6702"},"modified":"2024-11-28T12:54:23","modified_gmt":"2024-11-28T10:54:23","slug":"jouluparja-tootuba-truutal-01-12","status":"publish","type":"product","link":"https:\/\/truuta.ee\/en\/toode\/jouluparja-tootuba-truutal-01-12\/","title":{"rendered":"J\u00f5ulup\u00e4rja t\u00f6\u00f6tuba Truutal (01.12) &#8211; V\u00c4LJA M\u00dc\u00dcDUD"},"content":{"rendered":"<p>J\u00f5ulup\u00e4rja meisterdamise t\u00f6\u00f6tuba Truuta Puhkemajas<\/p>\n","protected":false},"excerpt":{"rendered":"<p>Tule ja meisterda valmis kaunis j\u00f5ulup\u00e4rg Truuta Puhkemajas!<\/p>\n<p>Meie Hobutalli Kodurestost saab hubane t\u00f6\u00f6tuba, kus asjatundliku juhendaja n\u00e4pun\u00e4idete j\u00e4rgi saad valmistada p\u00e4ris oma j\u00f5ulup\u00e4rja. T\u00f6\u00f6tuba sobib nii algajale kui ka vilunud meisterdajale.<\/p>\n<p>Teeme p\u00e4rja valmistamise protsessi sammhaaval l\u00e4bi.<\/p>\n<p>K\u00f5ik p\u00e4rja valmistamiseks vajalikud materjalid on kohapeal olemas. Kui soovite p\u00e4rjale m\u00f5ne elemendi v\u00f5i kaunistuse omalt poolt lisada, v\u00f5ite selle kaasa v\u00f5tta.<\/p>\n<h3>T\u00f6\u00f6toa info:<\/h3>\n<ul>\n<li>Toimumise aeg: 1. detsember kell 12<\/li>\n<li>T\u00f6\u00f6toa kestvus: 2 tundi<\/li>\n<li>Minimaalselt 8 osalejat<\/li>\n<\/ul>\n<p>Kohtade arv on piiratud! T\u00f6\u00f6toa avame, kui registreerunud on v\u00e4hemalt 8 osalejat. Juhul, kui t\u00f6\u00f6toas osalejate arv ei t\u00e4itu, anname sellest eelnevalt teada ja tagastame osalustasu.<\/p>\n<p>T\u00f6\u00f6tuppa registreerumine toimub l\u00e4bi osalustasu tasumise &#8211; lisage t\u00f6\u00f6tuba ostukorvi ja eduka makse sooritamise korral olete registreerunud! Eraldi kirja registreerumise kohta ei tule.<\/p>\n<h3>Osalustasu sisaldab:<\/h3>\n<ul>\n<li>K\u00f5ik vajalikud materjalid ja t\u00f6\u00f6vahendid<\/li>\n<li>Gl\u00f6gi, soojad v\u00f5ileivad, piparkoogid, kohv, tee<\/li>\n<\/ul>\n<h3>T\u00fchistamine:<\/h3>\n<ul>\n<li>48 tundi enne toimumist &#8211; tasuta t\u00fchistamine ja broneerimistasu tagastus<\/li>\n<li>V\u00e4hem kui 48-24 tundi enne &#8211; vali teine t\u00f6\u00f6tuba \/ toimumise aeg<\/li>\n<li>Alla 24 tunni &#8211; osalemistasu ei tagastata<\/li>\n<\/ul>\n","protected":false},"featured_media":6797,"template":"","meta":{"_acf_changed":false,"inline_featured_image":false},"product_brand":[],"product_cat":[15],"product_tag":[],"class_list":{"0":"post-6702","1":"product","2":"type-product","3":"status-publish","4":"has-post-thumbnail","6":"product_cat-maaramata","8":"first","9":"outofstock","10":"virtual","11":"taxable","12":"purchasable","13":"product-type-simple"},"acf":[],"yoast_head":"<!-- This site is optimized with the Yoast SEO plugin v25.3 - https:\/\/yoast.com\/wordpress\/plugins\/seo\/ -->\n<title>J\u00f5ulup\u00e4rja t\u00f6\u00f6tuba Truutal (01.12) - V\u00c4LJA M\u00dc\u00dcDUD - Truuta Puhkemaja | Puhkemajutus Otep\u00e4\u00e4l<\/title>\n<meta name=\"robots\" content=\"noindex, follow\" \/>\n<meta property=\"og:locale\" content=\"en_US\" \/>\n<meta property=\"og:type\" content=\"article\" \/>\n<meta property=\"og:title\" content=\"J\u00f5ulup\u00e4rja t\u00f6\u00f6tuba Truutal (01.12) - V\u00c4LJA M\u00dc\u00dcDUD - Truuta Puhkemaja | Puhkemajutus Otep\u00e4\u00e4l\" \/>\n<meta property=\"og:description\" content=\"Tule ja meisterda valmis kaunis j\u00f5ulup\u00e4rg Truuta Puhkemajas!  Meie Hobutalli Kodurestost saab hubane t\u00f6\u00f6tuba, kus asjatundliku juhendaja n\u00e4pun\u00e4idete j\u00e4rgi saad valmistada p\u00e4ris oma j\u00f5ulup\u00e4rja. T\u00f6\u00f6tuba sobib nii algajale kui ka vilunud meisterdajale.  Teeme p\u00e4rja valmistamise protsessi sammhaaval l\u00e4bi.  K\u00f5ik p\u00e4rja valmistamiseks vajalikud materjalid on kohapeal olemas. Kui soovite p\u00e4rjale m\u00f5ne elemendi v\u00f5i kaunistuse omalt poolt lisada, v\u00f5ite selle kaasa v\u00f5tta. T\u00f6\u00f6toa info:   Toimumise aeg: 1. detsember kell 12  T\u00f6\u00f6toa kestvus: 2 tundi  Minimaalselt 8 osalejat  Kohtade arv on piiratud! T\u00f6\u00f6toa avame, kui registreerunud on v\u00e4hemalt 8 osalejat. Juhul, kui t\u00f6\u00f6toas osalejate arv ei t\u00e4itu, anname sellest eelnevalt teada ja tagastame osalustasu.  T\u00f6\u00f6tuppa registreerumine toimub l\u00e4bi osalustasu tasumise - lisage t\u00f6\u00f6tuba ostukorvi ja eduka makse sooritamise korral olete registreerunud! Eraldi kirja registreerumise kohta ei tule. Osalustasu sisaldab:   K\u00f5ik vajalikud materjalid ja t\u00f6\u00f6vahendid  Gl\u00f6gi, soojad v\u00f5ileivad, piparkoogid, kohv, tee  T\u00fchistamine:   48 tundi enne toimumist - tasuta t\u00fchistamine ja broneerimistasu tagastus  V\u00e4hem kui 48-24 tundi enne - vali teine t\u00f6\u00f6tuba \/ toimumise aeg  Alla 24 tunni - osalemistasu ei tagastata\" \/>\n<meta property=\"og:url\" content=\"https:\/\/truuta.ee\/toode\/jouluparja-tootuba-truutal-01-12\/\" \/>\n<meta property=\"og:site_name\" content=\"Truuta Puhkemaja | Puhkemajutus Otep\u00e4\u00e4l\" \/>\n<meta property=\"article:publisher\" content=\"https:\/\/www.facebook.com\/truuta.ee\" \/>\n<meta property=\"article:modified_time\" content=\"2024-11-28T10:54:23+00:00\" \/>\n<meta property=\"og:image\" content=\"https:\/\/truuta.ee\/wp-content\/uploads\/2024\/11\/jouluparja-tootuba-1.-dets.jpg\" \/>\n\t<meta property=\"og:image:width\" content=\"1200\" \/>\n\t<meta property=\"og:image:height\" content=\"900\" \/>\n\t<meta property=\"og:image:type\" content=\"image\/jpeg\" \/>\n<meta name=\"twitter:card\" content=\"summary_large_image\" \/>\n<meta name=\"twitter:label1\" content=\"Est. reading time\" \/>\n\t<meta name=\"twitter:data1\" content=\"1 minute\" \/>\n<script type=\"application\/ld+json\" class=\"yoast-schema-graph\">{\"@context\":\"https:\/\/schema.org\",\"@graph\":[{\"@type\":\"WebPage\",\"@id\":\"https:\/\/truuta.ee\/toode\/jouluparja-tootuba-truutal-01-12\/\",\"url\":\"https:\/\/truuta.ee\/toode\/jouluparja-tootuba-truutal-01-12\/\",\"name\":\"J\u00f5ulup\u00e4rja t\u00f6\u00f6tuba Truutal (01.12) - V\u00c4LJA M\u00dc\u00dcDUD - Truuta Puhkemaja | Puhkemajutus Otep\u00e4\u00e4l\",\"isPartOf\":{\"@id\":\"https:\/\/truuta.ee\/#website\"},\"primaryImageOfPage\":{\"@id\":\"https:\/\/truuta.ee\/toode\/jouluparja-tootuba-truutal-01-12\/#primaryimage\"},\"image\":{\"@id\":\"https:\/\/truuta.ee\/toode\/jouluparja-tootuba-truutal-01-12\/#primaryimage\"},\"thumbnailUrl\":\"https:\/\/truuta.ee\/wp-content\/uploads\/2024\/11\/jouluparja-tootuba-1.-dets.jpg\",\"datePublished\":\"2024-11-14T19:03:13+00:00\",\"dateModified\":\"2024-11-28T10:54:23+00:00\",\"breadcrumb\":{\"@id\":\"https:\/\/truuta.ee\/toode\/jouluparja-tootuba-truutal-01-12\/#breadcrumb\"},\"inLanguage\":\"en-US\",\"potentialAction\":[{\"@type\":\"ReadAction\",\"target\":[\"https:\/\/truuta.ee\/toode\/jouluparja-tootuba-truutal-01-12\/\"]}]},{\"@type\":\"ImageObject\",\"inLanguage\":\"en-US\",\"@id\":\"https:\/\/truuta.ee\/toode\/jouluparja-tootuba-truutal-01-12\/#primaryimage\",\"url\":\"https:\/\/truuta.ee\/wp-content\/uploads\/2024\/11\/jouluparja-tootuba-1.-dets.jpg\",\"contentUrl\":\"https:\/\/truuta.ee\/wp-content\/uploads\/2024\/11\/jouluparja-tootuba-1.-dets.jpg\",\"width\":1200,\"height\":900},{\"@type\":\"BreadcrumbList\",\"@id\":\"https:\/\/truuta.ee\/toode\/jouluparja-tootuba-truutal-01-12\/#breadcrumb\",\"itemListElement\":[{\"@type\":\"ListItem\",\"position\":1,\"name\":\"Home\",\"item\":\"https:\/\/truuta.ee\/en\/\"},{\"@type\":\"ListItem\",\"position\":2,\"name\":\"Pood\",\"item\":\"https:\/\/truuta.ee\/pood\/\"},{\"@type\":\"ListItem\",\"position\":3,\"name\":\"J\u00f5ulup\u00e4rja t\u00f6\u00f6tuba Truutal (01.12) &#8211; V\u00c4LJA M\u00dc\u00dcDUD\"}]},{\"@type\":\"WebSite\",\"@id\":\"https:\/\/truuta.ee\/#website\",\"url\":\"https:\/\/truuta.ee\/\",\"name\":\"Truuta Puhkemaja\",\"description\":\"Puhkemajutus Otep\u00e4\u00e4l - k\u00fclalistemaja, kodurestoran, minispaa ja spaahoolitsused. Tule ja puhka Otep\u00e4\u00e4 m\u00e4gede, orgude ja j\u00e4rvede keskel!\",\"publisher\":{\"@id\":\"https:\/\/truuta.ee\/#organization\"},\"potentialAction\":[{\"@type\":\"SearchAction\",\"target\":{\"@type\":\"EntryPoint\",\"urlTemplate\":\"https:\/\/truuta.ee\/?s={search_term_string}\"},\"query-input\":{\"@type\":\"PropertyValueSpecification\",\"valueRequired\":true,\"valueName\":\"search_term_string\"}}],\"inLanguage\":\"en-US\"},{\"@type\":\"Organization\",\"@id\":\"https:\/\/truuta.ee\/#organization\",\"name\":\"Gertrudenhof O\u00dc\",\"url\":\"https:\/\/truuta.ee\/\",\"logo\":{\"@type\":\"ImageObject\",\"inLanguage\":\"en-US\",\"@id\":\"https:\/\/truuta.ee\/#\/schema\/logo\/image\/\",\"url\":\"https:\/\/truuta.ee\/wp-content\/uploads\/2024\/10\/Truuta_horiz_black.svg\",\"contentUrl\":\"https:\/\/truuta.ee\/wp-content\/uploads\/2024\/10\/Truuta_horiz_black.svg\",\"width\":192,\"height\":77,\"caption\":\"Gertrudenhof O\u00dc\"},\"image\":{\"@id\":\"https:\/\/truuta.ee\/#\/schema\/logo\/image\/\"},\"sameAs\":[\"https:\/\/www.facebook.com\/truuta.ee\",\"https:\/\/www.instagram.com\/truutapuhkemaja\/\"]}]}<\/script>\n<!-- \/ Yoast SEO plugin. -->","yoast_head_json":{"title":"J\u00f5ulup\u00e4rja t\u00f6\u00f6tuba Truutal (01.12) - V\u00c4LJA M\u00dc\u00dcDUD - Truuta Puhkemaja | Puhkemajutus Otep\u00e4\u00e4l","robots":{"index":"noindex","follow":"follow"},"og_locale":"en_US","og_type":"article","og_title":"J\u00f5ulup\u00e4rja t\u00f6\u00f6tuba Truutal (01.12) - V\u00c4LJA M\u00dc\u00dcDUD - Truuta Puhkemaja | Puhkemajutus Otep\u00e4\u00e4l","og_description":"Tule ja meisterda valmis kaunis j\u00f5ulup\u00e4rg Truuta Puhkemajas!  Meie Hobutalli Kodurestost saab hubane t\u00f6\u00f6tuba, kus asjatundliku juhendaja n\u00e4pun\u00e4idete j\u00e4rgi saad valmistada p\u00e4ris oma j\u00f5ulup\u00e4rja. T\u00f6\u00f6tuba sobib nii algajale kui ka vilunud meisterdajale.  Teeme p\u00e4rja valmistamise protsessi sammhaaval l\u00e4bi.  K\u00f5ik p\u00e4rja valmistamiseks vajalikud materjalid on kohapeal olemas. Kui soovite p\u00e4rjale m\u00f5ne elemendi v\u00f5i kaunistuse omalt poolt lisada, v\u00f5ite selle kaasa v\u00f5tta. T\u00f6\u00f6toa info:   Toimumise aeg: 1. detsember kell 12  T\u00f6\u00f6toa kestvus: 2 tundi  Minimaalselt 8 osalejat  Kohtade arv on piiratud! T\u00f6\u00f6toa avame, kui registreerunud on v\u00e4hemalt 8 osalejat. Juhul, kui t\u00f6\u00f6toas osalejate arv ei t\u00e4itu, anname sellest eelnevalt teada ja tagastame osalustasu.  T\u00f6\u00f6tuppa registreerumine toimub l\u00e4bi osalustasu tasumise - lisage t\u00f6\u00f6tuba ostukorvi ja eduka makse sooritamise korral olete registreerunud! Eraldi kirja registreerumise kohta ei tule. Osalustasu sisaldab:   K\u00f5ik vajalikud materjalid ja t\u00f6\u00f6vahendid  Gl\u00f6gi, soojad v\u00f5ileivad, piparkoogid, kohv, tee  T\u00fchistamine:   48 tundi enne toimumist - tasuta t\u00fchistamine ja broneerimistasu tagastus  V\u00e4hem kui 48-24 tundi enne - vali teine t\u00f6\u00f6tuba \/ toimumise aeg  Alla 24 tunni - osalemistasu ei tagastata","og_url":"https:\/\/truuta.ee\/toode\/jouluparja-tootuba-truutal-01-12\/","og_site_name":"Truuta Puhkemaja | Puhkemajutus Otep\u00e4\u00e4l","article_publisher":"https:\/\/www.facebook.com\/truuta.ee","article_modified_time":"2024-11-28T10:54:23+00:00","og_image":[{"width":1200,"height":900,"url":"https:\/\/truuta.ee\/wp-content\/uploads\/2024\/11\/jouluparja-tootuba-1.-dets.jpg","type":"image\/jpeg"}],"twitter_card":"summary_large_image","twitter_misc":{"Est. reading time":"1 minute"},"schema":{"@context":"https:\/\/schema.org","@graph":[{"@type":"WebPage","@id":"https:\/\/truuta.ee\/toode\/jouluparja-tootuba-truutal-01-12\/","url":"https:\/\/truuta.ee\/toode\/jouluparja-tootuba-truutal-01-12\/","name":"J\u00f5ulup\u00e4rja t\u00f6\u00f6tuba Truutal (01.12) - V\u00c4LJA M\u00dc\u00dcDUD - Truuta Puhkemaja | Puhkemajutus Otep\u00e4\u00e4l","isPartOf":{"@id":"https:\/\/truuta.ee\/#website"},"primaryImageOfPage":{"@id":"https:\/\/truuta.ee\/toode\/jouluparja-tootuba-truutal-01-12\/#primaryimage"},"image":{"@id":"https:\/\/truuta.ee\/toode\/jouluparja-tootuba-truutal-01-12\/#primaryimage"},"thumbnailUrl":"https:\/\/truuta.ee\/wp-content\/uploads\/2024\/11\/jouluparja-tootuba-1.-dets.jpg","datePublished":"2024-11-14T19:03:13+00:00","dateModified":"2024-11-28T10:54:23+00:00","breadcrumb":{"@id":"https:\/\/truuta.ee\/toode\/jouluparja-tootuba-truutal-01-12\/#breadcrumb"},"inLanguage":"en-US","potentialAction":[{"@type":"ReadAction","target":["https:\/\/truuta.ee\/toode\/jouluparja-tootuba-truutal-01-12\/"]}]},{"@type":"ImageObject","inLanguage":"en-US","@id":"https:\/\/truuta.ee\/toode\/jouluparja-tootuba-truutal-01-12\/#primaryimage","url":"https:\/\/truuta.ee\/wp-content\/uploads\/2024\/11\/jouluparja-tootuba-1.-dets.jpg","contentUrl":"https:\/\/truuta.ee\/wp-content\/uploads\/2024\/11\/jouluparja-tootuba-1.-dets.jpg","width":1200,"height":900},{"@type":"BreadcrumbList","@id":"https:\/\/truuta.ee\/toode\/jouluparja-tootuba-truutal-01-12\/#breadcrumb","itemListElement":[{"@type":"ListItem","position":1,"name":"Home","item":"https:\/\/truuta.ee\/en\/"},{"@type":"ListItem","position":2,"name":"Pood","item":"https:\/\/truuta.ee\/pood\/"},{"@type":"ListItem","position":3,"name":"J\u00f5ulup\u00e4rja t\u00f6\u00f6tuba Truutal (01.12) &#8211; V\u00c4LJA M\u00dc\u00dcDUD"}]},{"@type":"WebSite","@id":"https:\/\/truuta.ee\/#website","url":"https:\/\/truuta.ee\/","name":"Truuta Puhkemaja","description":"Puhkemajutus Otep\u00e4\u00e4l - k\u00fclalistemaja, kodurestoran, minispaa ja spaahoolitsused. Tule ja puhka Otep\u00e4\u00e4 m\u00e4gede, orgude ja j\u00e4rvede keskel!","publisher":{"@id":"https:\/\/truuta.ee\/#organization"},"potentialAction":[{"@type":"SearchAction","target":{"@type":"EntryPoint","urlTemplate":"https:\/\/truuta.ee\/?s={search_term_string}"},"query-input":{"@type":"PropertyValueSpecification","valueRequired":true,"valueName":"search_term_string"}}],"inLanguage":"en-US"},{"@type":"Organization","@id":"https:\/\/truuta.ee\/#organization","name":"Gertrudenhof O\u00dc","url":"https:\/\/truuta.ee\/","logo":{"@type":"ImageObject","inLanguage":"en-US","@id":"https:\/\/truuta.ee\/#\/schema\/logo\/image\/","url":"https:\/\/truuta.ee\/wp-content\/uploads\/2024\/10\/Truuta_horiz_black.svg","contentUrl":"https:\/\/truuta.ee\/wp-content\/uploads\/2024\/10\/Truuta_horiz_black.svg","width":192,"height":77,"caption":"Gertrudenhof O\u00dc"},"image":{"@id":"https:\/\/truuta.ee\/#\/schema\/logo\/image\/"},"sameAs":["https:\/\/www.facebook.com\/truuta.ee","https:\/\/www.instagram.com\/truutapuhkemaja\/"]}]}},"_links":{"self":[{"href":"https:\/\/truuta.ee\/en\/wp-json\/wp\/v2\/product\/6702","targetHints":{"allow":["GET"]}}],"collection":[{"href":"https:\/\/truuta.ee\/en\/wp-json\/wp\/v2\/product"}],"about":[{"href":"https:\/\/truuta.ee\/en\/wp-json\/wp\/v2\/types\/product"}],"wp:featuredmedia":[{"embeddable":true,"href":"https:\/\/truuta.ee\/en\/wp-json\/wp\/v2\/media\/6797"}],"wp:attachment":[{"href":"https:\/\/truuta.ee\/en\/wp-json\/wp\/v2\/media?parent=6702"}],"wp:term":[{"taxonomy":"product_brand","embeddable":true,"href":"https:\/\/truuta.ee\/en\/wp-json\/wp\/v2\/product_brand?post=6702"},{"taxonomy":"product_cat","embeddable":true,"href":"https:\/\/truuta.ee\/en\/wp-json\/wp\/v2\/product_cat?post=6702"},{"taxonomy":"product_tag","embeddable":true,"href":"https:\/\/truuta.ee\/en\/wp-json\/wp\/v2\/product_tag?post=6702"}],"curies":[{"name":"wp","href":"https:\/\/api.w.org\/{rel}","templated":true}]}}